{"id":1804,"date":"2020-03-03T14:17:21","date_gmt":"2020-03-03T13:17:21","guid":{"rendered":"https:\/\/nap-tec.de\/?page_id=1804"},"modified":"2024-08-14T11:37:36","modified_gmt":"2024-08-14T09:37:36","slug":"about-nap","status":"publish","type":"page","link":"https:\/\/nap-tec.de\/en\/company\/about-nap\/","title":{"rendered":"About NAP"},"content":{"rendered":"<p>[et_pb_section fb_built=&#8221;1&#8243; admin_label=&#8221;Bread Crumbs&#8221; _builder_version=&#8221;4.23.4&#8243; background_color=&#8221;#eeefef&#8221; custom_padding=&#8221;45px||10px||false|false&#8221; saved_tabs=&#8221;all&#8221; global_colors_info=&#8221;{}&#8221;][et_pb_row _builder_version=&#8221;4.16&#8243; custom_margin=&#8221;0px||0px||true|false&#8221; custom_padding=&#8221;0px||0px|||&#8221; collapsed=&#8221;off&#8221; global_colors_info=&#8221;{}&#8221;][et_pb_column type=&#8221;4_4&#8243; _builder_version=&#8221;4.16&#8243; global_colors_info=&#8221;{}&#8221;][et_pb_text admin_label=&#8221;Text&#8221; _builder_version=&#8221;4.16&#8243; text_line_height=&#8221;1em&#8221; text_text_align=&#8221;left&#8221; global_colors_info=&#8221;{}&#8221;]<\/p>\n<pre><code class=\"html hljs xml\"><span><span><a href=\"https:\/\/nap-tec.de\/en\/\">Start<\/a><\/span><\/span><\/code><\/pre>\n<p>[\/et_pb_text][\/et_pb_column][\/et_pb_row][\/et_pb_section][et_pb_section fb_built=&#8221;1&#8243; _builder_version=&#8221;4.16&#8243; use_background_color_gradient=&#8221;on&#8221; background_color_gradient_stops=&#8221;rgba(255,255,255,0.6) 0%|rgba(255,255,255,0.8) 100%&#8221; background_color_gradient_overlays_image=&#8221;on&#8221; background_color_gradient_start=&#8221;rgba(255,255,255,0.6)&#8221; background_color_gradient_end=&#8221;rgba(255,255,255,0.8)&#8221; background_image=&#8221;https:\/\/nap-tec.de\/wp-content\/uploads\/2019\/11\/Hintergrund_Baustellenseite.jpg&#8221; background_size=&#8221;initial&#8221; background_position=&#8221;top_left&#8221; background_last_edited=&#8221;on|desktop&#8221; background_image_tablet=&#8221;https:\/\/nap-tec.de\/wp-content\/uploads\/2019\/11\/Hintergrund_Baustellenseite_1024.jpg&#8221; background_image_phone=&#8221;https:\/\/nap-tec.de\/wp-content\/uploads\/2019\/11\/Hintergrund_Baustellenseite_768.jpg&#8221; background_enable_image_tablet=&#8221;on&#8221; background_enable_image_phone=&#8221;on&#8221; global_colors_info=&#8221;{}&#8221;][et_pb_row _builder_version=&#8221;4.16&#8243; global_colors_info=&#8221;{}&#8221;][et_pb_column type=&#8221;4_4&#8243; _builder_version=&#8221;4.16&#8243; custom_padding=&#8221;|||&#8221; global_colors_info=&#8221;{}&#8221; custom_padding__hover=&#8221;|||&#8221;][et_pb_text _builder_version=&#8221;4.16&#8243; global_colors_info=&#8221;{}&#8221;]<\/p>\n<h1>About NAP<\/h1>\n<p>[\/et_pb_text][\/et_pb_column][\/et_pb_row][et_pb_row column_structure=&#8221;1_2,1_2&#8243; _builder_version=&#8221;4.16&#8243; global_colors_info=&#8221;{}&#8221;][et_pb_column type=&#8221;1_2&#8243; _builder_version=&#8221;4.16&#8243; custom_padding=&#8221;|||&#8221; global_colors_info=&#8221;{}&#8221; custom_padding__hover=&#8221;|||&#8221;][et_pb_text _builder_version=&#8221;4.16&#8243; global_colors_info=&#8221;{}&#8221;]<\/p>\n<h2>EMS services Made in Germany<\/h2>\n<p>[\/et_pb_text][et_pb_text _builder_version=&#8221;4.16&#8243; global_colors_info=&#8221;{}&#8221;]NAP is your systems provider in the <a href=\"https:\/\/nap-tec.de\/en\/services\/ems\/\">EMS<\/a> industry and offers you the complete value added chain, from <strong>development<\/strong> to <strong>series manufacturing<\/strong> up to after market service. Through our <strong>Functional Screen Printing &amp; Lamination (FSL)<\/strong>, we can give your products that final touch.<br \/>\nA high degree of automation, paired with a complex manufacturing depth and a zero defect quality target, make <strong>NAP<\/strong> your ideal partner for comprehensive <strong>EMS services<\/strong> \u201cMade in Germany\u201d since 1994.<br \/>\nOur company\u2019s headquarters are located in Pforzheim, in the heart of Baden-W\u00fcrttemberg. Thanks to the very good transport connection to the A8 motorway, the regional airports in Stuttgart and Baden-Baden and the German railway train network, NAP is situated in an ideal location.[\/et_pb_text][\/et_pb_column][et_pb_column type=&#8221;1_2&#8243; _builder_version=&#8221;4.16&#8243; custom_padding=&#8221;|||&#8221; global_colors_info=&#8221;{}&#8221; custom_padding__hover=&#8221;|||&#8221;][et_pb_image src=&#8221;https:\/\/nap-tec.de\/wp-content\/uploads\/2019\/12\/nap-luftaufnahme.jpg&#8221; alt=&#8221;About nap firm&#8221; _builder_version=&#8221;4.16&#8243; global_colors_info=&#8221;{}&#8221;][\/et_pb_image][\/et_pb_column][\/et_pb_row][et_pb_row column_structure=&#8221;1_2,1_2&#8243; make_equal=&#8221;on&#8221; _builder_version=&#8221;4.16&#8243; custom_margin_last_edited=&#8221;off|phone&#8221; custom_padding=&#8221;0px||||false|false&#8221; global_colors_info=&#8221;{}&#8221;][et_pb_column type=&#8221;1_2&#8243; _builder_version=&#8221;4.16&#8243; global_colors_info=&#8221;{}&#8221;][et_pb_text _builder_version=&#8221;4.16&#8243; global_colors_info=&#8221;{}&#8221;]<div class=\"waben\">\t<div id=\"wabeueberunsen_hype_container\" class=\"HYPE_document\" style=\"margin:auto;position:relative;width:100%;height:279px;overflow:hidden;\">\n\t\t<script type=\"text\/javascript\" charset=\"utf-8\" src=\"\/\/nap-tec.de\/wp-content\/uploads\/hypeanimations\/23\/Wabe_Ueberuns-EN.hyperesources\/wabeueberunsen_hype_generated_script.js?53285\"><\/script>\n\t<\/div>\n<\/div>[\/et_pb_text][\/et_pb_column][et_pb_column type=&#8221;1_2&#8243; _builder_version=&#8221;4.16&#8243; custom_css_main_element=&#8221;display: flex;||flex-direction: column;||justify-content: center;&#8221; global_colors_info=&#8221;{}&#8221;][et_pb_text _builder_version=&#8221;4.16&#8243; global_colors_info=&#8221;{}&#8221;]<\/p>\n<p>As a modern, midsized family owned-company, we promote an open and appreciative business culture. We offer creative freedom to allow our employees to develop their personal strengths.<\/p>\n<p>[\/et_pb_text][et_pb_text _builder_version=&#8221;4.16&#8243; global_colors_info=&#8221;{}&#8221;]<\/p>\n<p>Our extensive expertise in the fields of hardware and software development, mechanical design as well as functional screen printing &amp; lamination (FSL) enables us to design and manufacture our products to match your needs. We will gladly draw up an individual test concept for you and develop the testing instruments.<\/p>\n<p>[\/et_pb_text][\/et_pb_column][\/et_pb_row][\/et_pb_section][et_pb_section fb_built=&#8221;1&#8243; _builder_version=&#8221;4.16&#8243; background_color=&#8221;rgba(115,115,115,0.1)&#8221; global_colors_info=&#8221;{}&#8221;][et_pb_row _builder_version=&#8221;4.16&#8243; global_colors_info=&#8221;{}&#8221;][et_pb_column type=&#8221;4_4&#8243; _builder_version=&#8221;4.16&#8243; global_colors_info=&#8221;{}&#8221;][et_pb_text _builder_version=&#8221;4.16&#8243; header_text_color=&#8221;#ff6900&#8243; header_2_text_color=&#8221;#ff964c&#8221; header_2_line_height=&#8221;1.3em&#8221; header_3_text_color=&#8221;#ff964c&#8221; header_3_line_height=&#8221;1.3em&#8221; global_colors_info=&#8221;{}&#8221;]<\/p>\n<h3>With innovative ideas and solutions, NAP develops and manufactures high-tech products for customers from all kinds of different industries including:<\/h3>\n<p>[\/et_pb_text][\/et_pb_column][\/et_pb_row][et_pb_row column_structure=&#8221;1_3,1_3,1_3&#8243; _builder_version=&#8221;4.16&#8243; custom_padding=&#8221;0px|||||&#8221; global_colors_info=&#8221;{}&#8221;][et_pb_column type=&#8221;1_3&#8243; _builder_version=&#8221;4.16&#8243; global_colors_info=&#8221;{}&#8221;][et_pb_text _builder_version=&#8221;4.16&#8243; text_text_color=&#8221;#1b5591&#8243; global_colors_info=&#8221;{}&#8221;]<\/p>\n<p>Industry and building technology<\/p>\n<p>Commercial vehicles and automotive<\/p>\n<p>Medical technology<\/p>\n<p>[\/et_pb_text][\/et_pb_column][et_pb_column type=&#8221;1_3&#8243; _builder_version=&#8221;4.16&#8243; global_colors_info=&#8221;{}&#8221;][et_pb_text _builder_version=&#8221;4.16&#8243; text_text_color=&#8221;#1b5591&#8243; global_colors_info=&#8221;{}&#8221;]<\/p>\n<p>Communications technology<\/p>\n<p>Renewable energies<\/p>\n<p>Telematics<\/p>\n<p>[\/et_pb_text][\/et_pb_column][et_pb_column type=&#8221;1_3&#8243; _builder_version=&#8221;4.16&#8243; global_colors_info=&#8221;{}&#8221;][et_pb_text _builder_version=&#8221;4.16&#8243; text_text_color=&#8221;#1b5591&#8243; global_colors_info=&#8221;{}&#8221;]<\/p>\n<p>Robotics<\/p>\n<p>Smart home<\/p>\n<p>White domestic appliances<\/p>\n<p>[\/et_pb_text][\/et_pb_column][\/et_pb_row][\/et_pb_section]<\/p>\n","protected":false},"excerpt":{"rendered":"<p><span><span><a href=\"https:\/\/nap-tec.de\/en\/\">Start<\/a><\/span><\/span>About NAPEMS services Made in GermanyNAP is your systems provider in the EMS industry and offers you the complete value added chain, from development to series manufacturing up to after market service. Through our Functional Screen Printing &amp; Lamination (FSL), we can give your products that final touch. A high degree of automation, paired with [&hellip;]<\/p>\n","protected":false},"author":1,"featured_media":0,"parent":2814,"menu_order":0,"comment_status":"closed","ping_status":"closed","template":"","meta":{"_et_pb_use_builder":"on","_et_pb_old_content":"<p>[et_pb_section fb_built=\"1\" admin_label=\"Bread Crumbs\" _builder_version=\"3.27.4\" background_color=\"#eeefef\" custom_padding=\"20px||10px||false|false\" global_module=\"578\" saved_tabs=\"all\"][et_pb_row _builder_version=\"3.26.3\" custom_margin=\"0px||0px||true|false\" custom_padding=\"0px||0px|||\"][et_pb_column type=\"4_4\" _builder_version=\"3.26.3\"][et_pb_text _builder_version=\"3.26.3\" text_line_height=\"1em\" text_text_align=\"left\"]<\/p><pre><code class=\"html hljs xml\">[wpseo_breadcrumb]<\/code><\/pre><p>[\/et_pb_text][\/et_pb_column][\/et_pb_row][\/et_pb_section][et_pb_section fb_built=\"1\" _builder_version=\"4.0.6\" use_background_color_gradient=\"on\" background_color_gradient_start=\"rgba(255,255,255,0.6)\" background_color_gradient_end=\"rgba(255,255,255,0.8)\" background_color_gradient_overlays_image=\"on\" background_image=\"https:\/\/nap-tec.de\/wp-content\/uploads\/2019\/11\/Hintergrund_Baustellenseite.jpg\" background_size=\"initial\" background_position=\"top_left\" background_last_edited=\"on|desktop\" background_image_tablet=\"https:\/\/nap-tec.de\/wp-content\/uploads\/2019\/11\/Hintergrund_Baustellenseite_1024.jpg\" background_image_phone=\"https:\/\/nap-tec.de\/wp-content\/uploads\/2019\/11\/Hintergrund_Baustellenseite_768.jpg\" background_enable_image_tablet=\"on\" background_enable_image_phone=\"on\"][et_pb_row _builder_version=\"3.25\"][et_pb_column type=\"4_4\" _builder_version=\"3.25\" custom_padding=\"|||\" custom_padding__hover=\"|||\"][et_pb_text _builder_version=\"4.0.7\" hover_enabled=\"0\"]<\/p><h1>\u00dcber NAP<\/h1><p>[\/et_pb_text][\/et_pb_column][\/et_pb_row][et_pb_row column_structure=\"1_2,1_2\" _builder_version=\"3.25\"][et_pb_column type=\"1_2\" _builder_version=\"3.25\" custom_padding=\"|||\" custom_padding__hover=\"|||\"][et_pb_text _builder_version=\"4.0.7\" hover_enabled=\"0\"]<\/p><h2>EMS-Dienstleistung Made in Germany<\/h2><p>[\/et_pb_text][et_pb_text _builder_version=\"4.0.7\"]<\/p><p><strong>NAP<\/strong> ist Ihr System-Dienstleister in der <strong><a href=\"\/leistungen\/ems\/\" target=\"_blank\" rel=\"noopener noreferrer\">EMS<\/a><\/strong> Branche und bietet Ihnen die komplette Wertsch\u00f6pfungskette, von der <strong>Entwicklung<\/strong> \u00fcber die Serienfertigung bis hin zum After Sales Service. Durch unseren\u00a0<strong>Funktionalen Siebdruck & Lamination (FSL)<\/strong> verpassen wir Ihrem Produkt auf Wunsch den letzten Feinschliff.<\/p><p>Ein hoher Automatisierungsgrad gepaart mit komplexer Fertigungstiefe und Nullfehler-Qualit\u00e4tsanspruch machen <strong>NAP<\/strong> zu Ihrem Partner f\u00fcr umfangreiche <strong>EMS Dienstleistungen<\/strong> \u201eMade in Germany\u201c seit 1994.<\/p><p>Unser Firmensitz im Herzen von Baden-W\u00fcrttemberg ist Pforzheim, das Tor zum Nord-Schwarzwald. Durch die sehr gute Anbindung an die Autobahn A8, an die regionalen Flugh\u00e4fen Stuttgart \/ Baden-Baden und das Schienennetz der Deutschen Bahn, ist der Standort von NAP optimal gelegen.<\/p><p>\u00a0<\/p><p>[\/et_pb_text][\/et_pb_column][et_pb_column type=\"1_2\" _builder_version=\"3.25\" custom_padding=\"|||\" custom_padding__hover=\"|||\"][et_pb_image src=\"https:\/\/nap-tec.de\/wp-content\/uploads\/2019\/12\/nap-luftaufnahme.jpg\" _builder_version=\"4.0.7\"][\/et_pb_image][\/et_pb_column][\/et_pb_row][et_pb_row column_structure=\"1_2,1_2\" make_equal=\"on\" _builder_version=\"4.0.6\" custom_margin_last_edited=\"off|phone\" custom_padding=\"0px||||false|false\"][et_pb_column type=\"1_2\" _builder_version=\"3.25.4\"][et_pb_text _builder_version=\"4.0.6\"]<\/p><p>[hypeanimations_anim id=\"20\"]<\/p><p>[\/et_pb_text][\/et_pb_column][et_pb_column type=\"1_2\" _builder_version=\"4.0.6\" custom_css_main_element=\"display: flex;||flex-direction: column;||justify-content: center;\"][et_pb_text _builder_version=\"4.0.7\"]<\/p><p>Als modernes mittelst\u00e4ndisches Familienunternehmen stehen wir f\u00fcr eine offene und wertsch\u00e4tzende Unternehmenskultur. Wir bieten kreative Freir\u00e4ume zur Entfaltung der pers\u00f6nlichen St\u00e4rken unserer Mitarbeiter.<\/p><p>[\/et_pb_text][et_pb_text _builder_version=\"4.0.7\"]<\/p><p>Unser umfangreiches Know-how in den Bereichen Hardware- und Software-Entwicklung, mechanische Konstruktion sowie Funktionaler Siebdruck & Lamination (FSL) erm\u00f6glicht uns eine individuelle Produktentwicklung und Herstellung nach Ihren W\u00fcnschen. Gerne erstellen wir begleitend ein Pr\u00fcfkonzept f\u00fcr Sie und k\u00fcmmern uns um die Realisierung der Pr\u00fcfmittelentwicklung.<\/p><p>[\/et_pb_text][\/et_pb_column][\/et_pb_row][\/et_pb_section][et_pb_section fb_built=\"1\" _builder_version=\"4.0.6\" background_color=\"rgba(115,115,115,0.1)\"][et_pb_row _builder_version=\"4.0.6\"][et_pb_column type=\"4_4\" _builder_version=\"4.0.6\"][et_pb_text _builder_version=\"4.0.7\" header_text_color=\"#ff6900\" header_2_text_color=\"#ff964c\" header_2_line_height=\"1.3em\" header_3_text_color=\"#ff964c\" header_3_line_height=\"1.3em\"]<\/p><h3>Mit innovativen Ideen und L\u00f6sungen entwickelt und fertigt NAP High-Tech-Produkte f\u00fcr Kunden aus den unterschiedlichsten Branchen, unter anderem:<\/h3><p>[\/et_pb_text][\/et_pb_column][\/et_pb_row][et_pb_row column_structure=\"1_3,1_3,1_3\" _builder_version=\"4.0.6\" custom_padding=\"0px|||||\"][et_pb_column type=\"1_3\" _builder_version=\"4.0.6\"][et_pb_text _builder_version=\"4.0.7\" text_text_color=\"#1b5591\"]<\/p><p>Industrie- und Geb\u00e4udetechnik<\/p><p>Nutzfahrzeugtechnik und Automotive<\/p><p>Medizintechnik<\/p><p>[\/et_pb_text][\/et_pb_column][et_pb_column type=\"1_3\" _builder_version=\"4.0.6\"][et_pb_text _builder_version=\"4.0.7\" text_text_color=\"#1b5591\"]<\/p><p>Kommunikationstechnik<\/p><p>Regenerative Energien<\/p><p>Telematik<\/p><p>[\/et_pb_text][\/et_pb_column][et_pb_column type=\"1_3\" _builder_version=\"4.0.6\"][et_pb_text _builder_version=\"4.0.7\" text_text_color=\"#1b5591\"]<\/p><p>Robotik<\/p><p>Smart Home<\/p><p>Wei\u00dfe Ware<\/p><p>[\/et_pb_text][\/et_pb_column][\/et_pb_row][\/et_pb_section]<\/p>","_et_gb_content_width":"","footnotes":""},"class_list":["post-1804","page","type-page","status-publish","hentry"],"yoast_head":"<!-- This site is optimized with the Yoast SEO plugin v27.4 - https:\/\/yoast.com\/product\/yoast-seo-wordpress\/ -->\n<title>About NAP - nap technology<\/title>\n<meta name=\"robots\" content=\"index, follow, max-snippet:-1, max-image-preview:large, max-video-preview:-1\" \/>\n<link rel=\"canonical\" href=\"https:\/\/nap-tec.de\/en\/company\/about-nap\/\" \/>\n<meta property=\"og:locale\" content=\"en_US\" \/>\n<meta property=\"og:type\" content=\"article\" \/>\n<meta property=\"og:title\" content=\"About NAP - nap technology\" \/>\n<meta property=\"og:description\" content=\"About NAPEMS services Made in GermanyNAP is your systems provider in the EMS industry and offers you the complete value added chain, from development to series manufacturing up to after market service. Through our Functional Screen Printing &amp; Lamination (FSL), we can give your products that final touch. A high degree of automation, paired with [&hellip;]\" \/>\n<meta property=\"og:url\" content=\"https:\/\/nap-tec.de\/en\/company\/about-nap\/\" \/>\n<meta property=\"og:site_name\" content=\"nap technology\" \/>\n<meta property=\"article:modified_time\" content=\"2024-08-14T09:37:36+00:00\" \/>\n<meta name=\"twitter:card\" content=\"summary_large_image\" \/>\n<meta name=\"twitter:label1\" content=\"Est. reading time\" \/>\n\t<meta name=\"twitter:data1\" content=\"2 minutes\" \/>\n<script type=\"application\/ld+json\" class=\"yoast-schema-graph\">{\"@context\":\"https:\\\/\\\/schema.org\",\"@graph\":[{\"@type\":\"WebPage\",\"@id\":\"https:\\\/\\\/nap-tec.de\\\/en\\\/company\\\/about-nap\\\/\",\"url\":\"https:\\\/\\\/nap-tec.de\\\/en\\\/company\\\/about-nap\\\/\",\"name\":\"About NAP - nap technology\",\"isPartOf\":{\"@id\":\"https:\\\/\\\/nap-tec.de\\\/en\\\/#website\"},\"datePublished\":\"2020-03-03T13:17:21+00:00\",\"dateModified\":\"2024-08-14T09:37:36+00:00\",\"breadcrumb\":{\"@id\":\"https:\\\/\\\/nap-tec.de\\\/en\\\/company\\\/about-nap\\\/#breadcrumb\"},\"inLanguage\":\"en-US\",\"potentialAction\":[{\"@type\":\"ReadAction\",\"target\":[\"https:\\\/\\\/nap-tec.de\\\/en\\\/company\\\/about-nap\\\/\"]}]},{\"@type\":\"BreadcrumbList\",\"@id\":\"https:\\\/\\\/nap-tec.de\\\/en\\\/company\\\/about-nap\\\/#breadcrumb\",\"itemListElement\":[{\"@type\":\"ListItem\",\"position\":1,\"name\":\"Start\",\"item\":\"https:\\\/\\\/nap-tec.de\\\/en\\\/\"},{\"@type\":\"ListItem\",\"position\":2,\"name\":\"Company\",\"item\":\"https:\\\/\\\/nap-tec.de\\\/en\\\/company\\\/\"},{\"@type\":\"ListItem\",\"position\":3,\"name\":\"About NAP\"}]},{\"@type\":\"WebSite\",\"@id\":\"https:\\\/\\\/nap-tec.de\\\/en\\\/#website\",\"url\":\"https:\\\/\\\/nap-tec.de\\\/en\\\/\",\"name\":\"nap technology\",\"description\":\"System-Dienstleister in der EMS-Branche, Made in Germany\",\"potentialAction\":[{\"@type\":\"SearchAction\",\"target\":{\"@type\":\"EntryPoint\",\"urlTemplate\":\"https:\\\/\\\/nap-tec.de\\\/en\\\/?s={search_term_string}\"},\"query-input\":{\"@type\":\"PropertyValueSpecification\",\"valueRequired\":true,\"valueName\":\"search_term_string\"}}],\"inLanguage\":\"en-US\"}]}<\/script>\n<!-- \/ Yoast SEO plugin. -->","yoast_head_json":{"title":"About NAP - nap technology","robots":{"index":"index","follow":"follow","max-snippet":"max-snippet:-1","max-image-preview":"max-image-preview:large","max-video-preview":"max-video-preview:-1"},"canonical":"https:\/\/nap-tec.de\/en\/company\/about-nap\/","og_locale":"en_US","og_type":"article","og_title":"About NAP - nap technology","og_description":"About NAPEMS services Made in GermanyNAP is your systems provider in the EMS industry and offers you the complete value added chain, from development to series manufacturing up to after market service. Through our Functional Screen Printing &amp; Lamination (FSL), we can give your products that final touch. A high degree of automation, paired with [&hellip;]","og_url":"https:\/\/nap-tec.de\/en\/company\/about-nap\/","og_site_name":"nap technology","article_modified_time":"2024-08-14T09:37:36+00:00","twitter_card":"summary_large_image","twitter_misc":{"Est. reading time":"2 minutes"},"schema":{"@context":"https:\/\/schema.org","@graph":[{"@type":"WebPage","@id":"https:\/\/nap-tec.de\/en\/company\/about-nap\/","url":"https:\/\/nap-tec.de\/en\/company\/about-nap\/","name":"About NAP - nap technology","isPartOf":{"@id":"https:\/\/nap-tec.de\/en\/#website"},"datePublished":"2020-03-03T13:17:21+00:00","dateModified":"2024-08-14T09:37:36+00:00","breadcrumb":{"@id":"https:\/\/nap-tec.de\/en\/company\/about-nap\/#breadcrumb"},"inLanguage":"en-US","potentialAction":[{"@type":"ReadAction","target":["https:\/\/nap-tec.de\/en\/company\/about-nap\/"]}]},{"@type":"BreadcrumbList","@id":"https:\/\/nap-tec.de\/en\/company\/about-nap\/#breadcrumb","itemListElement":[{"@type":"ListItem","position":1,"name":"Start","item":"https:\/\/nap-tec.de\/en\/"},{"@type":"ListItem","position":2,"name":"Company","item":"https:\/\/nap-tec.de\/en\/company\/"},{"@type":"ListItem","position":3,"name":"About NAP"}]},{"@type":"WebSite","@id":"https:\/\/nap-tec.de\/en\/#website","url":"https:\/\/nap-tec.de\/en\/","name":"nap technology","description":"System-Dienstleister in der EMS-Branche, Made in Germany","potentialAction":[{"@type":"SearchAction","target":{"@type":"EntryPoint","urlTemplate":"https:\/\/nap-tec.de\/en\/?s={search_term_string}"},"query-input":{"@type":"PropertyValueSpecification","valueRequired":true,"valueName":"search_term_string"}}],"inLanguage":"en-US"}]}},"_links":{"self":[{"href":"https:\/\/nap-tec.de\/en\/wp-json\/wp\/v2\/pages\/1804","targetHints":{"allow":["GET"]}}],"collection":[{"href":"https:\/\/nap-tec.de\/en\/wp-json\/wp\/v2\/pages"}],"about":[{"href":"https:\/\/nap-tec.de\/en\/wp-json\/wp\/v2\/types\/page"}],"author":[{"embeddable":true,"href":"https:\/\/nap-tec.de\/en\/wp-json\/wp\/v2\/users\/1"}],"replies":[{"embeddable":true,"href":"https:\/\/nap-tec.de\/en\/wp-json\/wp\/v2\/comments?post=1804"}],"version-history":[{"count":2,"href":"https:\/\/nap-tec.de\/en\/wp-json\/wp\/v2\/pages\/1804\/revisions"}],"predecessor-version":[{"id":2820,"href":"https:\/\/nap-tec.de\/en\/wp-json\/wp\/v2\/pages\/1804\/revisions\/2820"}],"up":[{"embeddable":true,"href":"https:\/\/nap-tec.de\/en\/wp-json\/wp\/v2\/pages\/2814"}],"wp:attachment":[{"href":"https:\/\/nap-tec.de\/en\/wp-json\/wp\/v2\/media?parent=1804"}],"curies":[{"name":"wp","href":"https:\/\/api.w.org\/{rel}","templated":true}]}}