{"id":1891,"date":"2020-03-06T11:48:39","date_gmt":"2020-03-06T10:48:39","guid":{"rendered":"https:\/\/nap-tec.de\/?page_id=1891"},"modified":"2024-01-19T11:10:34","modified_gmt":"2024-01-19T10:10:34","slug":"legal-information","status":"publish","type":"page","link":"https:\/\/nap-tec.de\/en\/legal-information\/","title":{"rendered":"Legal Information"},"content":{"rendered":"<p>[et_pb_section fb_built=&#8221;1&#8243; admin_label=&#8221;Bread Crumbs&#8221; _builder_version=&#8221;4.23.4&#8243; background_color=&#8221;#eeefef&#8221; custom_padding=&#8221;45px||10px||false|false&#8221; saved_tabs=&#8221;all&#8221; global_colors_info=&#8221;{}&#8221; global_module=&#8221;578&#8243; theme_builder_area=&#8221;post_content&#8221;][et_pb_row _builder_version=&#8221;4.16&#8243; custom_margin=&#8221;0px||0px||true|false&#8221; custom_padding=&#8221;0px||0px|||&#8221; collapsed=&#8221;off&#8221; global_colors_info=&#8221;{}&#8221; theme_builder_area=&#8221;post_content&#8221;][et_pb_column type=&#8221;4_4&#8243; _builder_version=&#8221;4.16&#8243; global_colors_info=&#8221;{}&#8221; theme_builder_area=&#8221;post_content&#8221;][et_pb_text admin_label=&#8221;Text&#8221; _builder_version=&#8221;4.16&#8243; text_line_height=&#8221;1em&#8221; text_text_align=&#8221;left&#8221; global_colors_info=&#8221;{}&#8221; theme_builder_area=&#8221;post_content&#8221;]<\/p>\n<pre><code class=\"html hljs xml\"><span><span><a href=\"https:\/\/nap-tec.de\/en\/\">Start<\/a><\/span><\/span><\/code><\/pre>\n<p>[\/et_pb_text][\/et_pb_column][\/et_pb_row][\/et_pb_section][et_pb_section fb_built=&#8221;1&#8243; _builder_version=&#8221;4.16&#8243; use_background_color_gradient=&#8221;on&#8221; background_color_gradient_stops=&#8221;rgba(255,255,255,0.6) 0%|rgba(255,255,255,0.8) 100%&#8221; background_color_gradient_overlays_image=&#8221;on&#8221; background_color_gradient_start=&#8221;rgba(255,255,255,0.6)&#8221; background_color_gradient_end=&#8221;rgba(255,255,255,0.8)&#8221; background_image=&#8221;https:\/\/nap-tec.de\/wp-content\/uploads\/2019\/11\/Hintergrund_Baustellenseite.jpg&#8221; background_size=&#8221;initial&#8221; background_position=&#8221;top_left&#8221; background_last_edited=&#8221;on|desktop&#8221; background_image_tablet=&#8221;https:\/\/nap-tec.de\/wp-content\/uploads\/2019\/11\/Hintergrund_Baustellenseite_1024.jpg&#8221; background_image_phone=&#8221;https:\/\/nap-tec.de\/wp-content\/uploads\/2019\/11\/Hintergrund_Baustellenseite_768.jpg&#8221; background_enable_image_tablet=&#8221;on&#8221; background_enable_image_phone=&#8221;on&#8221; global_colors_info=&#8221;{}&#8221;][et_pb_row _builder_version=&#8221;4.16&#8243; global_colors_info=&#8221;{}&#8221;][et_pb_column type=&#8221;4_4&#8243; _builder_version=&#8221;4.16&#8243; global_colors_info=&#8221;{}&#8221;][et_pb_text _builder_version=&#8221;4.16&#8243; global_colors_info=&#8221;{}&#8221;]<\/p>\n<h1>Legal Information<\/h1>\n<p>[\/et_pb_text][\/et_pb_column][\/et_pb_row][et_pb_row column_structure=&#8221;3_5,2_5&#8243; _builder_version=&#8221;4.16&#8243; global_colors_info=&#8221;{}&#8221;][et_pb_column type=&#8221;3_5&#8243; _builder_version=&#8221;4.16&#8243; global_colors_info=&#8221;{}&#8221;][et_pb_text _builder_version=&#8221;4.17.6&#8243; global_colors_info=&#8221;{}&#8221;]<\/p>\n<p><strong>NAP automotive Produkte GmbH<\/strong><br \/>Fritz-Neuert-Strasse 27<br \/>75181 Pforzheim\/Germany<br \/>Tel: (+49 7231) 42909-0<br \/>Fax: (+49 7231) 42909-500<br \/>inf&#111;&#64;&#110;&#x61;&#x70;&#x2d;&#x74;&#x65;&#x63;&#46;de<\/p>\n<p><strong>Court of registration:\u2028<\/strong><br \/>Mannheim HRB 503597<\/p>\n<p><strong>Managing directors:\u2028<\/strong><br \/>Dr.-Ing. Peter Bort<br \/>Dipl.-Bw. (FH) Jochen Haas<\/p>\n<p><strong>VAT id no.:\u2028<\/strong><br \/>DE 164 080 348<\/p>\n<p><strong>Responsible fo the content of the website:<\/strong><br \/>Dr.-Ing. Peter Bort<\/p>\n<p><strong>Image rights:<\/strong><br \/>\u00a9BERLINSTOCK \u2013 Fotolia.com<br \/>\u00a9Juice Images \u2013 Fotolia.com<br \/>\u00a9Jeanette Dietl \u2013 Fotolia.com<\/p>\n<p>whiteMocca\/Shutterstock.com<\/p>\n<p><strong>Photographer:\u2028<\/strong><br \/>Echt Eppelt Visuelle Kommunikation GmbH<br \/><a href=\"http:\/\/www.echt-eppelt.com\" target=\"_blank\" rel=\"noopener noreferrer\">www.echt-eppelt.com<\/a><\/p>\n<p><strong>Technical implementation:\u2028<\/strong><br \/><a href=\"https:\/\/www.cp-werbeagentur.de\" target=\"_blank\" rel=\"noopener noreferrer\">conceptplus Werbeagentur GmbH<\/a><\/p>\n<p>&nbsp;<\/p>\n<p><strong>Disclaimer<\/strong><br \/><strong>1. Liability for content<\/strong><br \/>The content of our pages has been generated with the greatest care. However we cannot provide any guarantee for the correctness, completeness or up-to-dateness of the content. As a service provider we are responsible pursuant to section 7 para.1 TMG (German Act for Telemedia Services) for our own content on these pages in accordance with the general statutory provisions. According to sections 8 to 10 of TMG, as a service provider we are not however obligated to monitor third party information which is transferred or stored or to search for circumstances which indicate activities in breach of the law. The obligation to remove information or block the use of information pursuant to the general statutory provisions shall remain unaffected. However, liability in relation with the latter shall only be present from the time of knowledge about the specific legal violation. On becoming aware of relevant legal violations we will promptly remove said content.<\/p>\n<p><strong>2. Liability for links<\/strong><br \/>Our offer contains links to external websites of third parties, with content over which we have no influence. Therefore, we cannot provide any guarantee for this third party content. The respective provider or operator of the pages linked is always responsible for the content of said pages. The linked pages were checked for any legal violations at the time the link was made. At the time the link was generated no illegal content was evident. It is however unreasonable to expect us to constantly check the content of the linked pages without any specific indication of a legal violation. If we become aware of legal violations we will promptly deactivate the links concerned.<\/p>\n<p><strong>3. Copyright<\/strong><br \/>The content and works on these pages created or used by the operator of this website are subject to German copyright law. The duplication, processing, dissemination and any type of use beyond the limitations of the copyright require prior consent of the respective author or creator. Any downloads and copies of these pages may only be for private use and not commercial use. If any content on these pages was not created by the operator, the copyrights of third parties shall be upheld. In particular the content of third parties will be marked as such. If you, nevertheless, become aware of any copyright infringement could you please inform us. We will promptly remove such content on becoming aware that it constitutes a legal violation.<\/p>\n<p>[\/et_pb_text][\/et_pb_column][et_pb_column type=&#8221;2_5&#8243; _builder_version=&#8221;4.16&#8243; global_colors_info=&#8221;{}&#8221;][\/et_pb_column][\/et_pb_row][\/et_pb_section]<\/p>\n","protected":false},"excerpt":{"rendered":"<p><span><span><a href=\"https:\/\/nap-tec.de\/en\/\">Start<\/a><\/span><\/span>Legal InformationNAP automotive Produkte GmbHFritz-Neuert-Strasse 2775181 Pforzheim\/GermanyTel: (+49 7231) 42909-0Fax: (+49 7231) &#x34;&#50;9&#x30;&#57;-&#x35;&#x30;&#48;&#x69;&#x6e;&#102;o&#x40;&#110;a&#x70;&#x2d;&#116;&#x65;&#x63;&#46;d&#x65; Court of registration:\u2028Mannheim HRB 503597 Managing directors:\u2028Dr.-Ing. Peter BortDipl.-Bw. (FH) Jochen Haas VAT id no.:\u2028DE 164 080 348 Responsible fo the content of the website:Dr.-Ing. Peter Bort Image rights:\u00a9BERLINSTOCK \u2013 Fotolia.com\u00a9Juice Images \u2013 Fotolia.com\u00a9Jeanette Dietl \u2013 Fotolia.com whiteMocca\/Shutterstock.com Photographer:\u2028Echt Eppelt Visuelle Kommunikation [&hellip;]<\/p>\n","protected":false},"author":1,"featured_media":0,"parent":0,"menu_order":0,"comment_status":"closed","ping_status":"closed","template":"","meta":{"_et_pb_use_builder":"on","_et_pb_old_content":"<p>[et_pb_section fb_built=\"1\" admin_label=\"Bread Crumbs\" _builder_version=\"3.27.4\" background_color=\"#eeefef\" custom_padding=\"20px||10px||false|false\" global_module=\"578\" saved_tabs=\"all\"][et_pb_row _builder_version=\"3.26.3\" custom_margin=\"0px||0px||true|false\" custom_padding=\"0px||0px|||\"][et_pb_column type=\"4_4\" _builder_version=\"3.26.3\"][et_pb_text _builder_version=\"3.26.3\" text_line_height=\"1em\" text_text_align=\"left\"]<\/p><pre><code class=\"html hljs xml\">[wpseo_breadcrumb]<\/code><\/pre><p>[\/et_pb_text][\/et_pb_column][\/et_pb_row][\/et_pb_section][et_pb_section fb_built=\"1\" _builder_version=\"4.0.6\" use_background_color_gradient=\"on\" background_color_gradient_start=\"rgba(255,255,255,0.6)\" background_color_gradient_end=\"rgba(255,255,255,0.8)\" background_color_gradient_overlays_image=\"on\" background_image=\"https:\/\/nap-tec.de\/wp-content\/uploads\/2019\/11\/Hintergrund_Baustellenseite.jpg\" background_size=\"initial\" background_position=\"top_left\" background_last_edited=\"on|desktop\" background_image_tablet=\"https:\/\/nap-tec.de\/wp-content\/uploads\/2019\/11\/Hintergrund_Baustellenseite_1024.jpg\" background_image_phone=\"https:\/\/nap-tec.de\/wp-content\/uploads\/2019\/11\/Hintergrund_Baustellenseite_768.jpg\" background_enable_image_tablet=\"on\" background_enable_image_phone=\"on\"][et_pb_row _builder_version=\"3.26.5\"][et_pb_column type=\"4_4\" _builder_version=\"3.26.5\"][et_pb_text _builder_version=\"3.27.4\"]<\/p><h1>Impressum<\/h1><p>[\/et_pb_text][\/et_pb_column][\/et_pb_row][et_pb_row column_structure=\"3_5,2_5\" _builder_version=\"3.26.5\"][et_pb_column type=\"3_5\" _builder_version=\"3.26.5\"][et_pb_text _builder_version=\"4.0.7\" hover_enabled=\"0\"]<\/p><p><strong>NAP automotive Produkte GmbH<\/strong><br \/>Fritz-Neuert-Strasse 27<br \/>75181 Pforzheim\/Germany<br \/>Fon: (07231) 42909-0<br \/>Fax: (07231) 42909-500<br \/>info@nap-tec.de<\/p><p><strong>Registergericht:<\/strong><br \/>Mannheim HRB 503597<\/p><p><strong>Gesch\u00e4ftsf\u00fchrer:<\/strong><br \/>Dipl.Wirtschaftsing. (FH) Roland Klein<br \/>Dr.-Ing. Peter Bort<\/p><p><strong>Umsatzsteuer-Identnummer:<\/strong><br \/>DE 164 080 348<\/p><p><strong>Verantwortlich f\u00fcr den Inhalt der Website:<\/strong><br \/>Dr.-Ing. Peter Bort<\/p><p><strong>Bildrechte:<\/strong><br \/>\u00a9BERLINSTOCK \u2013 Fotolia.com<br \/>\u00a9Juice Images \u2013 Fotolia.com<br \/>\u00a9Jeanette Dietl \u2013 Fotolia.com<\/p><p>whiteMocca\/Shutterstock.com<\/p><p><strong>Fotograf:<\/strong><br \/>Echt Eppelt Visuelle Kommunikation GmbH<br \/><a href=\"http:\/\/www.echt-eppelt.com\">www.echt-eppelt.com<\/a><\/p><p><strong>Technische Umsetzung:<\/strong><br \/><a href=\"https:\/\/www.cp-werbeagentur.de\" target=\"_blank\" rel=\"noopener noreferrer\">conceptplus Werbeagentur GmbH<\/a><\/p><p><strong>Haftungsausschluss<\/strong><\/p><p><strong>1. Haftung f\u00fcr Inhalte<\/strong><br \/>Die Inhalte unserer Seiten wurden mit gr\u00f6\u00dfter Sorgfalt erstellt. F\u00fcr die Richtigkeit, Vollst\u00e4ndigkeit und Aktualit\u00e4t der Inhalte k\u00f6nnen wir jedoch keine Gew\u00e4hr \u00fcbernehmen. Als Diensteanbieter sind wir gem\u00e4\u00df \u00a7 7 Abs.1 TMG f\u00fcr eigene Inhalte auf diesen Seiten nach den allgemeinen Gesetzen verantwortlich. Nach \u00a7\u00a7 8 bis 10 TMG sind wir als Diensteanbieter jedoch nicht verpflichtet, \u00fcbermittelte oder gespeicherte fremde Informationen zu \u00fcberwachen oder nach Umst\u00e4nden zu forschen, die auf eine rechtswidrige T\u00e4tigkeit hinweisen. Verpflichtungen zur Entfernung oder Sperrung der Nutzung von Informationen nach den allgemeinen Gesetzen bleiben hiervon unber\u00fchrt. Eine diesbez\u00fcgliche Haftung ist jedoch erst ab dem Zeitpunkt der Kenntnis einer konkreten Rechtsverletzung m\u00f6glich. Bei Bekanntwerden von entsprechenden Rechtsverletzungen werden wir diese Inhalte umgehend entfernen.<br \/><strong><br \/>2. Haftung f\u00fcr Links<\/strong><br \/>Unser Angebot enth\u00e4lt Links zu externen Webseiten Dritter, auf deren Inhalte wir keinen Einfluss haben. Deshalb k\u00f6nnen wir f\u00fcr diese fremden Inhalte auch keine Gew\u00e4hr \u00fcbernehmen. F\u00fcr die Inhalte der verlinkten Seiten ist stets der jeweilige Anbieter oder Betreiber der Seiten verantwortlich. Die verlinkten Seiten wurden zum Zeitpunkt der Verlinkung auf m\u00f6gliche Rechtsverst\u00f6\u00dfe \u00fcberpr\u00fcft. Rechtswidrige Inhalte waren zum Zeitpunkt der Verlinkung nicht erkennbar. Eine permanente inhaltliche Kontrolle der verlinkten Seiten ist jedoch ohne konkrete Anhaltspunkte einer Rechtsverletzung nicht zumutbar. Bei Bekanntwerden von Rechtsverletzungen werden wir derartige Links umgehend entfernen.<\/p><p><strong>3. Urheberrecht<\/strong><br \/>Die durch die Seitenbetreiber erstellten bzw. verwendeten Inhalte und Werke auf diesen Seiten unterliegen dem deutschen Urheberrecht. Die Vervielf\u00e4ltigung, Bearbeitung, Verbreitung und jede Art der Verwertung au\u00dferhalb der Grenzen des Urheberrechtes bed\u00fcrfen der Zustimmung des jeweiligen Autors bzw. Erstellers. Downloads und Kopien dieser Seite sind nur f\u00fcr den privaten, nicht kommerziellen Gebrauch gestattet. Soweit die Inhalte auf dieser Seite nicht vom Betreiber erstellt wurden, werden die Urheberrechte Dritter beachtet. Insbesondere werden Inhalte Dritter als solche gekennzeichnet. Sollten Sie trotzdem auf eine Urheberrechtsverletzung aufmerksam werden, bitten wir um einen entsprechenden Hinweis. Bei Bekanntwerden von Rechtsverletzungen werden wir derartige Inhalte umgehend entfernen.<\/p><p>[\/et_pb_text][\/et_pb_column][et_pb_column type=\"2_5\" _builder_version=\"3.26.5\"][\/et_pb_column][\/et_pb_row][\/et_pb_section]<\/p>","_et_gb_content_width":"","footnotes":""},"class_list":["post-1891","page","type-page","status-publish","hentry"],"yoast_head":"<!-- This site is optimized with the Yoast SEO plugin v27.4 - https:\/\/yoast.com\/product\/yoast-seo-wordpress\/ -->\n<title>Legal Information - nap technology<\/title>\n<meta name=\"robots\" content=\"index, follow, max-snippet:-1, max-image-preview:large, max-video-preview:-1\" \/>\n<link rel=\"canonical\" href=\"https:\/\/nap-tec.de\/en\/legal-information\/\" \/>\n<meta property=\"og:locale\" content=\"en_US\" \/>\n<meta property=\"og:type\" content=\"article\" \/>\n<meta property=\"og:title\" content=\"Legal Information - nap technology\" \/>\n<meta property=\"og:description\" content=\"Legal InformationNAP automotive Produkte GmbHFritz-Neuert-Strasse 2775181 Pforzheim\/GermanyTel: (+49 7231) 42909-0Fax: (+49 7231) 42909-500info@nap-tec.de Court of registration:\u2028Mannheim HRB 503597 Managing directors:\u2028Dr.-Ing. Peter BortDipl.-Bw. (FH) Jochen Haas VAT id no.:\u2028DE 164 080 348 Responsible fo the content of the website:Dr.-Ing. Peter Bort Image rights:\u00a9BERLINSTOCK \u2013 Fotolia.com\u00a9Juice Images \u2013 Fotolia.com\u00a9Jeanette Dietl \u2013 Fotolia.com whiteMocca\/Shutterstock.com Photographer:\u2028Echt Eppelt Visuelle Kommunikation [&hellip;]\" \/>\n<meta property=\"og:url\" content=\"https:\/\/nap-tec.de\/en\/legal-information\/\" \/>\n<meta property=\"og:site_name\" content=\"nap technology\" \/>\n<meta property=\"article:modified_time\" content=\"2024-01-19T10:10:34+00:00\" \/>\n<meta name=\"twitter:card\" content=\"summary_large_image\" \/>\n<meta name=\"twitter:label1\" content=\"Est. reading time\" \/>\n\t<meta name=\"twitter:data1\" content=\"4 minutes\" \/>\n<script type=\"application\/ld+json\" class=\"yoast-schema-graph\">{\"@context\":\"https:\\\/\\\/schema.org\",\"@graph\":[{\"@type\":\"WebPage\",\"@id\":\"https:\\\/\\\/nap-tec.de\\\/en\\\/legal-information\\\/\",\"url\":\"https:\\\/\\\/nap-tec.de\\\/en\\\/legal-information\\\/\",\"name\":\"Legal Information - nap technology\",\"isPartOf\":{\"@id\":\"https:\\\/\\\/nap-tec.de\\\/en\\\/#website\"},\"datePublished\":\"2020-03-06T10:48:39+00:00\",\"dateModified\":\"2024-01-19T10:10:34+00:00\",\"breadcrumb\":{\"@id\":\"https:\\\/\\\/nap-tec.de\\\/en\\\/legal-information\\\/#breadcrumb\"},\"inLanguage\":\"en-US\",\"potentialAction\":[{\"@type\":\"ReadAction\",\"target\":[\"https:\\\/\\\/nap-tec.de\\\/en\\\/legal-information\\\/\"]}]},{\"@type\":\"BreadcrumbList\",\"@id\":\"https:\\\/\\\/nap-tec.de\\\/en\\\/legal-information\\\/#breadcrumb\",\"itemListElement\":[{\"@type\":\"ListItem\",\"position\":1,\"name\":\"Start\",\"item\":\"https:\\\/\\\/nap-tec.de\\\/en\\\/\"},{\"@type\":\"ListItem\",\"position\":2,\"name\":\"Legal Information\"}]},{\"@type\":\"WebSite\",\"@id\":\"https:\\\/\\\/nap-tec.de\\\/en\\\/#website\",\"url\":\"https:\\\/\\\/nap-tec.de\\\/en\\\/\",\"name\":\"nap technology\",\"description\":\"System-Dienstleister in der EMS-Branche, Made in Germany\",\"potentialAction\":[{\"@type\":\"SearchAction\",\"target\":{\"@type\":\"EntryPoint\",\"urlTemplate\":\"https:\\\/\\\/nap-tec.de\\\/en\\\/?s={search_term_string}\"},\"query-input\":{\"@type\":\"PropertyValueSpecification\",\"valueRequired\":true,\"valueName\":\"search_term_string\"}}],\"inLanguage\":\"en-US\"}]}<\/script>\n<!-- \/ Yoast SEO plugin. -->","yoast_head_json":{"title":"Legal Information - nap technology","robots":{"index":"index","follow":"follow","max-snippet":"max-snippet:-1","max-image-preview":"max-image-preview:large","max-video-preview":"max-video-preview:-1"},"canonical":"https:\/\/nap-tec.de\/en\/legal-information\/","og_locale":"en_US","og_type":"article","og_title":"Legal Information - nap technology","og_description":"Legal InformationNAP automotive Produkte GmbHFritz-Neuert-Strasse 2775181 Pforzheim\/GermanyTel: (+49 7231) 42909-0Fax: (+49 7231) 42909-500info@nap-tec.de Court of registration:\u2028Mannheim HRB 503597 Managing directors:\u2028Dr.-Ing. Peter BortDipl.-Bw. (FH) Jochen Haas VAT id no.:\u2028DE 164 080 348 Responsible fo the content of the website:Dr.-Ing. Peter Bort Image rights:\u00a9BERLINSTOCK \u2013 Fotolia.com\u00a9Juice Images \u2013 Fotolia.com\u00a9Jeanette Dietl \u2013 Fotolia.com whiteMocca\/Shutterstock.com Photographer:\u2028Echt Eppelt Visuelle Kommunikation [&hellip;]","og_url":"https:\/\/nap-tec.de\/en\/legal-information\/","og_site_name":"nap technology","article_modified_time":"2024-01-19T10:10:34+00:00","twitter_card":"summary_large_image","twitter_misc":{"Est. reading time":"4 minutes"},"schema":{"@context":"https:\/\/schema.org","@graph":[{"@type":"WebPage","@id":"https:\/\/nap-tec.de\/en\/legal-information\/","url":"https:\/\/nap-tec.de\/en\/legal-information\/","name":"Legal Information - nap technology","isPartOf":{"@id":"https:\/\/nap-tec.de\/en\/#website"},"datePublished":"2020-03-06T10:48:39+00:00","dateModified":"2024-01-19T10:10:34+00:00","breadcrumb":{"@id":"https:\/\/nap-tec.de\/en\/legal-information\/#breadcrumb"},"inLanguage":"en-US","potentialAction":[{"@type":"ReadAction","target":["https:\/\/nap-tec.de\/en\/legal-information\/"]}]},{"@type":"BreadcrumbList","@id":"https:\/\/nap-tec.de\/en\/legal-information\/#breadcrumb","itemListElement":[{"@type":"ListItem","position":1,"name":"Start","item":"https:\/\/nap-tec.de\/en\/"},{"@type":"ListItem","position":2,"name":"Legal Information"}]},{"@type":"WebSite","@id":"https:\/\/nap-tec.de\/en\/#website","url":"https:\/\/nap-tec.de\/en\/","name":"nap technology","description":"System-Dienstleister in der EMS-Branche, Made in Germany","potentialAction":[{"@type":"SearchAction","target":{"@type":"EntryPoint","urlTemplate":"https:\/\/nap-tec.de\/en\/?s={search_term_string}"},"query-input":{"@type":"PropertyValueSpecification","valueRequired":true,"valueName":"search_term_string"}}],"inLanguage":"en-US"}]}},"_links":{"self":[{"href":"https:\/\/nap-tec.de\/en\/wp-json\/wp\/v2\/pages\/1891","targetHints":{"allow":["GET"]}}],"collection":[{"href":"https:\/\/nap-tec.de\/en\/wp-json\/wp\/v2\/pages"}],"about":[{"href":"https:\/\/nap-tec.de\/en\/wp-json\/wp\/v2\/types\/page"}],"author":[{"embeddable":true,"href":"https:\/\/nap-tec.de\/en\/wp-json\/wp\/v2\/users\/1"}],"replies":[{"embeddable":true,"href":"https:\/\/nap-tec.de\/en\/wp-json\/wp\/v2\/comments?post=1891"}],"version-history":[{"count":1,"href":"https:\/\/nap-tec.de\/en\/wp-json\/wp\/v2\/pages\/1891\/revisions"}],"predecessor-version":[{"id":2555,"href":"https:\/\/nap-tec.de\/en\/wp-json\/wp\/v2\/pages\/1891\/revisions\/2555"}],"wp:attachment":[{"href":"https:\/\/nap-tec.de\/en\/wp-json\/wp\/v2\/media?parent=1891"}],"curies":[{"name":"wp","href":"https:\/\/api.w.org\/{rel}","templated":true}]}}